{"id":233,"date":"2020-02-18T16:39:41","date_gmt":"2020-02-18T15:39:41","guid":{"rendered":"http:\/\/spicsrl.local\/?page_id=233"},"modified":"2020-09-08T16:47:32","modified_gmt":"2020-09-08T14:47:32","slug":"activites","status":"publish","type":"page","link":"https:\/\/www.spicsrl.com\/fr\/compagnie\/activites\/","title":{"rendered":"Activit\u00e9s"},"content":{"rendered":"","protected":false},"excerpt":{"rendered":"<p>Un bref r\u00e9sum\u00e9 de notre activit\u00e9<\/p>\n","protected":false},"author":1,"featured_media":0,"parent":214,"menu_order":0,"comment_status":"closed","ping_status":"closed","template":"","meta":{"_acf_changed":false,"footnotes":""},"class_list":["post-233","page","type-page","status-publish","hentry"],"acf":[],"yoast_head":"<!-- This site is optimized with the Yoast SEO plugin v27.4 - https:\/\/yoast.com\/product\/yoast-seo-wordpress\/ -->\n<title>Activit\u00e9s - SPIC s.r.l.<\/title>\n<meta name=\"robots\" content=\"index, follow, max-snippet:-1, max-image-preview:large, max-video-preview:-1\" \/>\n<link rel=\"canonical\" href=\"https:\/\/www.spicsrl.com\/fr\/compagnie\/activites\/\" \/>\n<meta property=\"og:locale\" content=\"fr_FR\" \/>\n<meta property=\"og:type\" content=\"article\" \/>\n<meta property=\"og:title\" content=\"Activit\u00e9s - SPIC s.r.l.\" \/>\n<meta property=\"og:description\" content=\"Un bref r\u00e9sum\u00e9 de notre activit\u00e9\" \/>\n<meta property=\"og:url\" content=\"https:\/\/www.spicsrl.com\/fr\/compagnie\/activites\/\" \/>\n<meta property=\"og:site_name\" content=\"SPIC s.r.l.\" \/>\n<meta property=\"article:modified_time\" content=\"2020-09-08T14:47:32+00:00\" \/>\n<meta name=\"twitter:card\" content=\"summary_large_image\" \/>\n<script type=\"application\/ld+json\" class=\"yoast-schema-graph\">{\"@context\":\"https:\\\/\\\/schema.org\",\"@graph\":[{\"@type\":\"WebPage\",\"@id\":\"https:\\\/\\\/www.spicsrl.com\\\/fr\\\/compagnie\\\/activites\\\/\",\"url\":\"https:\\\/\\\/www.spicsrl.com\\\/fr\\\/compagnie\\\/activites\\\/\",\"name\":\"Activit\u00e9s - SPIC s.r.l.\",\"isPartOf\":{\"@id\":\"https:\\\/\\\/www.spicsrl.com\\\/fr\\\/#website\"},\"datePublished\":\"2020-02-18T15:39:41+00:00\",\"dateModified\":\"2020-09-08T14:47:32+00:00\",\"breadcrumb\":{\"@id\":\"https:\\\/\\\/www.spicsrl.com\\\/fr\\\/compagnie\\\/activites\\\/#breadcrumb\"},\"inLanguage\":\"fr-FR\",\"potentialAction\":[{\"@type\":\"ReadAction\",\"target\":[\"https:\\\/\\\/www.spicsrl.com\\\/fr\\\/compagnie\\\/activites\\\/\"]}]},{\"@type\":\"BreadcrumbList\",\"@id\":\"https:\\\/\\\/www.spicsrl.com\\\/fr\\\/compagnie\\\/activites\\\/#breadcrumb\",\"itemListElement\":[{\"@type\":\"ListItem\",\"position\":1,\"name\":\"Home\",\"item\":\"https:\\\/\\\/www.spicsrl.com\\\/fr\\\/\"},{\"@type\":\"ListItem\",\"position\":2,\"name\":\"Compagnie\",\"item\":\"https:\\\/\\\/www.spicsrl.com\\\/fr\\\/compagnie\\\/\"},{\"@type\":\"ListItem\",\"position\":3,\"name\":\"Activit\u00e9s\"}]},{\"@type\":\"WebSite\",\"@id\":\"https:\\\/\\\/www.spicsrl.com\\\/fr\\\/#website\",\"url\":\"https:\\\/\\\/www.spicsrl.com\\\/fr\\\/\",\"name\":\"SPIC s.r.l.\",\"description\":\"\",\"potentialAction\":[{\"@type\":\"SearchAction\",\"target\":{\"@type\":\"EntryPoint\",\"urlTemplate\":\"https:\\\/\\\/www.spicsrl.com\\\/fr\\\/?s={search_term_string}\"},\"query-input\":{\"@type\":\"PropertyValueSpecification\",\"valueRequired\":true,\"valueName\":\"search_term_string\"}}],\"inLanguage\":\"fr-FR\"}]}<\/script>\n<!-- \/ Yoast SEO plugin. -->","yoast_head_json":{"title":"Activit\u00e9s - SPIC s.r.l.","robots":{"index":"index","follow":"follow","max-snippet":"max-snippet:-1","max-image-preview":"max-image-preview:large","max-video-preview":"max-video-preview:-1"},"canonical":"https:\/\/www.spicsrl.com\/fr\/compagnie\/activites\/","og_locale":"fr_FR","og_type":"article","og_title":"Activit\u00e9s - SPIC s.r.l.","og_description":"Un bref r\u00e9sum\u00e9 de notre activit\u00e9","og_url":"https:\/\/www.spicsrl.com\/fr\/compagnie\/activites\/","og_site_name":"SPIC s.r.l.","article_modified_time":"2020-09-08T14:47:32+00:00","twitter_card":"summary_large_image","schema":{"@context":"https:\/\/schema.org","@graph":[{"@type":"WebPage","@id":"https:\/\/www.spicsrl.com\/fr\/compagnie\/activites\/","url":"https:\/\/www.spicsrl.com\/fr\/compagnie\/activites\/","name":"Activit\u00e9s - SPIC s.r.l.","isPartOf":{"@id":"https:\/\/www.spicsrl.com\/fr\/#website"},"datePublished":"2020-02-18T15:39:41+00:00","dateModified":"2020-09-08T14:47:32+00:00","breadcrumb":{"@id":"https:\/\/www.spicsrl.com\/fr\/compagnie\/activites\/#breadcrumb"},"inLanguage":"fr-FR","potentialAction":[{"@type":"ReadAction","target":["https:\/\/www.spicsrl.com\/fr\/compagnie\/activites\/"]}]},{"@type":"BreadcrumbList","@id":"https:\/\/www.spicsrl.com\/fr\/compagnie\/activites\/#breadcrumb","itemListElement":[{"@type":"ListItem","position":1,"name":"Home","item":"https:\/\/www.spicsrl.com\/fr\/"},{"@type":"ListItem","position":2,"name":"Compagnie","item":"https:\/\/www.spicsrl.com\/fr\/compagnie\/"},{"@type":"ListItem","position":3,"name":"Activit\u00e9s"}]},{"@type":"WebSite","@id":"https:\/\/www.spicsrl.com\/fr\/#website","url":"https:\/\/www.spicsrl.com\/fr\/","name":"SPIC s.r.l.","description":"","potentialAction":[{"@type":"SearchAction","target":{"@type":"EntryPoint","urlTemplate":"https:\/\/www.spicsrl.com\/fr\/?s={search_term_string}"},"query-input":{"@type":"PropertyValueSpecification","valueRequired":true,"valueName":"search_term_string"}}],"inLanguage":"fr-FR"}]}},"_links":{"self":[{"href":"https:\/\/www.spicsrl.com\/fr\/wp-json\/wp\/v2\/pages\/233","targetHints":{"allow":["GET"]}}],"collection":[{"href":"https:\/\/www.spicsrl.com\/fr\/wp-json\/wp\/v2\/pages"}],"about":[{"href":"https:\/\/www.spicsrl.com\/fr\/wp-json\/wp\/v2\/types\/page"}],"author":[{"embeddable":true,"href":"https:\/\/www.spicsrl.com\/fr\/wp-json\/wp\/v2\/users\/1"}],"replies":[{"embeddable":true,"href":"https:\/\/www.spicsrl.com\/fr\/wp-json\/wp\/v2\/comments?post=233"}],"version-history":[{"count":22,"href":"https:\/\/www.spicsrl.com\/fr\/wp-json\/wp\/v2\/pages\/233\/revisions"}],"predecessor-version":[{"id":1462,"href":"https:\/\/www.spicsrl.com\/fr\/wp-json\/wp\/v2\/pages\/233\/revisions\/1462"}],"up":[{"embeddable":true,"href":"https:\/\/www.spicsrl.com\/fr\/wp-json\/wp\/v2\/pages\/214"}],"wp:attachment":[{"href":"https:\/\/www.spicsrl.com\/fr\/wp-json\/wp\/v2\/media?parent=233"}],"curies":[{"name":"wp","href":"https:\/\/api.w.org\/{rel}","templated":true}]}}