{"id":5,"date":"2020-02-11T10:29:03","date_gmt":"2020-02-11T09:29:03","guid":{"rendered":"http:\/\/spicsrl.local\/contatti\/"},"modified":"2023-12-04T12:09:45","modified_gmt":"2023-12-04T11:09:45","slug":"contacts","status":"publish","type":"page","link":"https:\/\/www.spicsrl.com\/fr\/contacts\/","title":{"rendered":"Contacts"},"content":{"rendered":"<div class=\"row mb-5\">\n<div class=\"col-12 col-lg-6\">\n<h2>SPIC s.r.l.<\/h2>\n<p><strong>Si\u00e8ge juridique et administrative<\/strong><\/p>\n<p>Via Sile, 20<br \/>\n31033 Castelfranco Veneto (TV)<\/p>\n<p><span style=\"color: #000000\"><a style=\"color: #000000\" href=\"tel:0423460111\">T. +39 0423 460 111<\/a><\/span><br \/>\n<span style=\"color: #000000\"><a style=\"color: #000000\" href=\"mailto:info@spic.it\">info@spic.it<\/a><\/span><br \/>\n<span style=\"color: #000000\">Num\u00e9ro de TVA 01675170243<\/span><\/p>\n<\/div>\n<div class=\"col-12 col-lg-6 mt-5 mt-lg-0\">\n<h2>SPIC s.r.l. &#8211; Branche Alg\u00e9rie<\/h2>\n<p>38, Coop\u00e9rative El Assal &#8211; Les Mandarines<br \/>\n16058 Mohammadia &#8211; Alger<\/p>\n<p><span style=\"color: #000000\"><a style=\"color: #000000\" href=\"tel:+21323804511\">T. +213 23 804511<\/a><\/span><br \/>\n<span style=\"color: #000000\">F. +213 23 804510<\/span><\/p>\n<\/div>\n<\/div>\n<div class=\"row\">\n<div class=\"col-12\">\n<h2>SPIC s.r.l. &#8211; Branche Romanie<\/h2>\n<p>Spl. Nicolae Titulescu Nr. 8 &#8211; Etaj 1<br \/>\n300158 Timisoara &#8211; Judet Timis<\/p>\n<p><span style=\"color: #000000\"><a style=\"color: #000000\" href=\"mailto:office.timisoara@spicsrl.it\">office.timisoara@spicsrl.it<\/a><\/span><br \/>\n<span style=\"color: #000000\">F. +40 35 6401288<\/span><\/div>\n<\/div>\n","protected":false},"excerpt":{"rendered":"<p>SPIC s.r.l. Si\u00e8ge juridique et administrative Via Sile, 20 31033 Castelfranco Veneto (TV) T. +39 0423 460 111 info@spic.it Num\u00e9ro de TVA 01675170243 SPIC s.r.l. &#8211; Branche Alg\u00e9rie 38, Coop\u00e9rative El Assal &#8211; Les Mandarines 16058 Mohammadia &#8211; Alger T. +213 23 804511 F. +213 23 804510 SPIC s.r.l. &#8211; Branche Romanie Spl. Nicolae Titulescu &hellip; <a href=\"https:\/\/www.spicsrl.com\/fr\/contacts\/\">Continued<\/a><\/p>\n","protected":false},"author":1,"featured_media":0,"parent":0,"menu_order":0,"comment_status":"closed","ping_status":"closed","template":"","meta":{"_acf_changed":false,"footnotes":""},"class_list":["post-5","page","type-page","status-publish","hentry"],"acf":[],"yoast_head":"<!-- This site is optimized with the Yoast SEO plugin v27.4 - https:\/\/yoast.com\/product\/yoast-seo-wordpress\/ -->\n<title>Contacts - SPIC s.r.l.<\/title>\n<meta name=\"robots\" content=\"index, follow, max-snippet:-1, max-image-preview:large, max-video-preview:-1\" \/>\n<link rel=\"canonical\" href=\"https:\/\/www.spicsrl.com\/fr\/contacts\/\" \/>\n<meta property=\"og:locale\" content=\"fr_FR\" \/>\n<meta property=\"og:type\" content=\"article\" \/>\n<meta property=\"og:title\" content=\"Contacts - SPIC s.r.l.\" \/>\n<meta property=\"og:description\" content=\"SPIC s.r.l. Si\u00e8ge juridique et administrative Via Sile, 20 31033 Castelfranco Veneto (TV) T. +39 0423 460 111 info@spic.it Num\u00e9ro de TVA 01675170243 SPIC s.r.l. &#8211; Branche Alg\u00e9rie 38, Coop\u00e9rative El Assal &#8211; Les Mandarines 16058 Mohammadia &#8211; Alger T. +213 23 804511 F. +213 23 804510 SPIC s.r.l. &#8211; Branche Romanie Spl. Nicolae Titulescu &hellip; Continued\" \/>\n<meta property=\"og:url\" content=\"https:\/\/www.spicsrl.com\/fr\/contacts\/\" \/>\n<meta property=\"og:site_name\" content=\"SPIC s.r.l.\" \/>\n<meta property=\"article:modified_time\" content=\"2023-12-04T11:09:45+00:00\" \/>\n<meta name=\"twitter:card\" content=\"summary_large_image\" \/>\n<script type=\"application\/ld+json\" class=\"yoast-schema-graph\">{\"@context\":\"https:\\\/\\\/schema.org\",\"@graph\":[{\"@type\":\"WebPage\",\"@id\":\"https:\\\/\\\/www.spicsrl.com\\\/fr\\\/contacts\\\/\",\"url\":\"https:\\\/\\\/www.spicsrl.com\\\/fr\\\/contacts\\\/\",\"name\":\"Contacts - SPIC s.r.l.\",\"isPartOf\":{\"@id\":\"https:\\\/\\\/www.spicsrl.com\\\/fr\\\/#website\"},\"datePublished\":\"2020-02-11T09:29:03+00:00\",\"dateModified\":\"2023-12-04T11:09:45+00:00\",\"breadcrumb\":{\"@id\":\"https:\\\/\\\/www.spicsrl.com\\\/fr\\\/contacts\\\/#breadcrumb\"},\"inLanguage\":\"fr-FR\",\"potentialAction\":[{\"@type\":\"ReadAction\",\"target\":[\"https:\\\/\\\/www.spicsrl.com\\\/fr\\\/contacts\\\/\"]}]},{\"@type\":\"BreadcrumbList\",\"@id\":\"https:\\\/\\\/www.spicsrl.com\\\/fr\\\/contacts\\\/#breadcrumb\",\"itemListElement\":[{\"@type\":\"ListItem\",\"position\":1,\"name\":\"Home\",\"item\":\"https:\\\/\\\/www.spicsrl.com\\\/fr\\\/\"},{\"@type\":\"ListItem\",\"position\":2,\"name\":\"Contacts\"}]},{\"@type\":\"WebSite\",\"@id\":\"https:\\\/\\\/www.spicsrl.com\\\/fr\\\/#website\",\"url\":\"https:\\\/\\\/www.spicsrl.com\\\/fr\\\/\",\"name\":\"SPIC s.r.l.\",\"description\":\"\",\"potentialAction\":[{\"@type\":\"SearchAction\",\"target\":{\"@type\":\"EntryPoint\",\"urlTemplate\":\"https:\\\/\\\/www.spicsrl.com\\\/fr\\\/?s={search_term_string}\"},\"query-input\":{\"@type\":\"PropertyValueSpecification\",\"valueRequired\":true,\"valueName\":\"search_term_string\"}}],\"inLanguage\":\"fr-FR\"}]}<\/script>\n<!-- \/ Yoast SEO plugin. -->","yoast_head_json":{"title":"Contacts - SPIC s.r.l.","robots":{"index":"index","follow":"follow","max-snippet":"max-snippet:-1","max-image-preview":"max-image-preview:large","max-video-preview":"max-video-preview:-1"},"canonical":"https:\/\/www.spicsrl.com\/fr\/contacts\/","og_locale":"fr_FR","og_type":"article","og_title":"Contacts - SPIC s.r.l.","og_description":"SPIC s.r.l. Si\u00e8ge juridique et administrative Via Sile, 20 31033 Castelfranco Veneto (TV) T. +39 0423 460 111 info@spic.it Num\u00e9ro de TVA 01675170243 SPIC s.r.l. &#8211; Branche Alg\u00e9rie 38, Coop\u00e9rative El Assal &#8211; Les Mandarines 16058 Mohammadia &#8211; Alger T. +213 23 804511 F. +213 23 804510 SPIC s.r.l. &#8211; Branche Romanie Spl. Nicolae Titulescu &hellip; Continued","og_url":"https:\/\/www.spicsrl.com\/fr\/contacts\/","og_site_name":"SPIC s.r.l.","article_modified_time":"2023-12-04T11:09:45+00:00","twitter_card":"summary_large_image","schema":{"@context":"https:\/\/schema.org","@graph":[{"@type":"WebPage","@id":"https:\/\/www.spicsrl.com\/fr\/contacts\/","url":"https:\/\/www.spicsrl.com\/fr\/contacts\/","name":"Contacts - SPIC s.r.l.","isPartOf":{"@id":"https:\/\/www.spicsrl.com\/fr\/#website"},"datePublished":"2020-02-11T09:29:03+00:00","dateModified":"2023-12-04T11:09:45+00:00","breadcrumb":{"@id":"https:\/\/www.spicsrl.com\/fr\/contacts\/#breadcrumb"},"inLanguage":"fr-FR","potentialAction":[{"@type":"ReadAction","target":["https:\/\/www.spicsrl.com\/fr\/contacts\/"]}]},{"@type":"BreadcrumbList","@id":"https:\/\/www.spicsrl.com\/fr\/contacts\/#breadcrumb","itemListElement":[{"@type":"ListItem","position":1,"name":"Home","item":"https:\/\/www.spicsrl.com\/fr\/"},{"@type":"ListItem","position":2,"name":"Contacts"}]},{"@type":"WebSite","@id":"https:\/\/www.spicsrl.com\/fr\/#website","url":"https:\/\/www.spicsrl.com\/fr\/","name":"SPIC s.r.l.","description":"","potentialAction":[{"@type":"SearchAction","target":{"@type":"EntryPoint","urlTemplate":"https:\/\/www.spicsrl.com\/fr\/?s={search_term_string}"},"query-input":{"@type":"PropertyValueSpecification","valueRequired":true,"valueName":"search_term_string"}}],"inLanguage":"fr-FR"}]}},"_links":{"self":[{"href":"https:\/\/www.spicsrl.com\/fr\/wp-json\/wp\/v2\/pages\/5","targetHints":{"allow":["GET"]}}],"collection":[{"href":"https:\/\/www.spicsrl.com\/fr\/wp-json\/wp\/v2\/pages"}],"about":[{"href":"https:\/\/www.spicsrl.com\/fr\/wp-json\/wp\/v2\/types\/page"}],"author":[{"embeddable":true,"href":"https:\/\/www.spicsrl.com\/fr\/wp-json\/wp\/v2\/users\/1"}],"replies":[{"embeddable":true,"href":"https:\/\/www.spicsrl.com\/fr\/wp-json\/wp\/v2\/comments?post=5"}],"version-history":[{"count":19,"href":"https:\/\/www.spicsrl.com\/fr\/wp-json\/wp\/v2\/pages\/5\/revisions"}],"predecessor-version":[{"id":1640,"href":"https:\/\/www.spicsrl.com\/fr\/wp-json\/wp\/v2\/pages\/5\/revisions\/1640"}],"wp:attachment":[{"href":"https:\/\/www.spicsrl.com\/fr\/wp-json\/wp\/v2\/media?parent=5"}],"curies":[{"name":"wp","href":"https:\/\/api.w.org\/{rel}","templated":true}]}}