{"id":7,"date":"2020-02-11T10:29:03","date_gmt":"2020-02-11T09:29:03","guid":{"rendered":"http:\/\/spicsrl.local\/home\/"},"modified":"2025-10-20T09:33:55","modified_gmt":"2025-10-20T07:33:55","slug":"home","status":"publish","type":"page","link":"https:\/\/www.spicsrl.com\/fr\/","title":{"rendered":"Home"},"content":{"rendered":"<h1>Solutions d\u00e9di\u00e9es pour les grands d\u00e9fis<\/h1>\n","protected":false},"excerpt":{"rendered":"<p>Solutions d\u00e9di\u00e9es pour les grands d\u00e9fis<\/p>\n","protected":false},"author":1,"featured_media":0,"parent":0,"menu_order":-1,"comment_status":"closed","ping_status":"closed","template":"template-home.php","meta":{"_acf_changed":false,"footnotes":""},"class_list":["post-7","page","type-page","status-publish","hentry"],"acf":[],"yoast_head":"<!-- This site is optimized with the Yoast SEO plugin v27.1.1 - https:\/\/yoast.com\/product\/yoast-seo-wordpress\/ -->\n<title>SPIC : Conception et construction de grands ouvrages et de machines<\/title>\n<meta name=\"description\" content=\"SPIC est sp\u00e9cialis\u00e9 dans la conception et la construction de machines et de syst\u00e8mes pour la pr\u00e9fabrication, la construction et le lancement et dans la construction de tabliers de ponts et de viaducs pour le rail et la route.\" \/>\n<meta name=\"robots\" content=\"index, follow, max-snippet:-1, max-image-preview:large, max-video-preview:-1\" \/>\n<link rel=\"canonical\" href=\"https:\/\/www.spicsrl.com\/fr\/\" \/>\n<meta property=\"og:locale\" content=\"fr_FR\" \/>\n<meta property=\"og:type\" content=\"article\" \/>\n<meta property=\"og:title\" content=\"SPIC : Conception et construction de grands ouvrages et de machines\" \/>\n<meta property=\"og:description\" content=\"SPIC est sp\u00e9cialis\u00e9 dans la conception et la construction de machines et de syst\u00e8mes pour la pr\u00e9fabrication, la construction et le lancement et dans la construction de tabliers de ponts et de viaducs pour le rail et la route.\" \/>\n<meta property=\"og:url\" content=\"https:\/\/www.spicsrl.com\/fr\/\" \/>\n<meta property=\"og:site_name\" content=\"SPIC s.r.l.\" \/>\n<meta property=\"article:modified_time\" content=\"2025-10-20T07:33:55+00:00\" \/>\n<meta name=\"twitter:card\" content=\"summary_large_image\" \/>\n<meta name=\"twitter:label1\" content=\"Dur\u00e9e de lecture estim\u00e9e\" \/>\n\t<meta name=\"twitter:data1\" content=\"1 minute\" \/>\n<script type=\"application\/ld+json\" class=\"yoast-schema-graph\">{\"@context\":\"https:\/\/schema.org\",\"@graph\":[{\"@type\":\"WebPage\",\"@id\":\"https:\/\/www.spicsrl.com\/fr\/\",\"url\":\"https:\/\/www.spicsrl.com\/fr\/\",\"name\":\"SPIC : Conception et construction de grands ouvrages et de machines\",\"isPartOf\":{\"@id\":\"https:\/\/www.spicsrl.com\/fr\/#website\"},\"datePublished\":\"2020-02-11T09:29:03+00:00\",\"dateModified\":\"2025-10-20T07:33:55+00:00\",\"description\":\"SPIC est sp\u00e9cialis\u00e9 dans la conception et la construction de machines et de syst\u00e8mes pour la pr\u00e9fabrication, la construction et le lancement et dans la construction de tabliers de ponts et de viaducs pour le rail et la route.\",\"breadcrumb\":{\"@id\":\"https:\/\/www.spicsrl.com\/fr\/#breadcrumb\"},\"inLanguage\":\"fr-FR\",\"potentialAction\":[{\"@type\":\"ReadAction\",\"target\":[\"https:\/\/www.spicsrl.com\/fr\/\"]}]},{\"@type\":\"BreadcrumbList\",\"@id\":\"https:\/\/www.spicsrl.com\/fr\/#breadcrumb\",\"itemListElement\":[{\"@type\":\"ListItem\",\"position\":1,\"name\":\"Home\",\"item\":\"https:\/\/www.spicsrl.com\/fr\/\"},{\"@type\":\"ListItem\",\"position\":2,\"name\":\"Home\"}]},{\"@type\":\"WebSite\",\"@id\":\"https:\/\/www.spicsrl.com\/fr\/#website\",\"url\":\"https:\/\/www.spicsrl.com\/fr\/\",\"name\":\"SPIC s.r.l.\",\"description\":\"\",\"potentialAction\":[{\"@type\":\"SearchAction\",\"target\":{\"@type\":\"EntryPoint\",\"urlTemplate\":\"https:\/\/www.spicsrl.com\/fr\/?s={search_term_string}\"},\"query-input\":{\"@type\":\"PropertyValueSpecification\",\"valueRequired\":true,\"valueName\":\"search_term_string\"}}],\"inLanguage\":\"fr-FR\"}]}<\/script>\n<!-- \/ Yoast SEO plugin. -->","yoast_head_json":{"title":"SPIC : Conception et construction de grands ouvrages et de machines","description":"SPIC est sp\u00e9cialis\u00e9 dans la conception et la construction de machines et de syst\u00e8mes pour la pr\u00e9fabrication, la construction et le lancement et dans la construction de tabliers de ponts et de viaducs pour le rail et la route.","robots":{"index":"index","follow":"follow","max-snippet":"max-snippet:-1","max-image-preview":"max-image-preview:large","max-video-preview":"max-video-preview:-1"},"canonical":"https:\/\/www.spicsrl.com\/fr\/","og_locale":"fr_FR","og_type":"article","og_title":"SPIC : Conception et construction de grands ouvrages et de machines","og_description":"SPIC est sp\u00e9cialis\u00e9 dans la conception et la construction de machines et de syst\u00e8mes pour la pr\u00e9fabrication, la construction et le lancement et dans la construction de tabliers de ponts et de viaducs pour le rail et la route.","og_url":"https:\/\/www.spicsrl.com\/fr\/","og_site_name":"SPIC s.r.l.","article_modified_time":"2025-10-20T07:33:55+00:00","twitter_card":"summary_large_image","twitter_misc":{"Dur\u00e9e de lecture estim\u00e9e":"1 minute"},"schema":{"@context":"https:\/\/schema.org","@graph":[{"@type":"WebPage","@id":"https:\/\/www.spicsrl.com\/fr\/","url":"https:\/\/www.spicsrl.com\/fr\/","name":"SPIC : Conception et construction de grands ouvrages et de machines","isPartOf":{"@id":"https:\/\/www.spicsrl.com\/fr\/#website"},"datePublished":"2020-02-11T09:29:03+00:00","dateModified":"2025-10-20T07:33:55+00:00","description":"SPIC est sp\u00e9cialis\u00e9 dans la conception et la construction de machines et de syst\u00e8mes pour la pr\u00e9fabrication, la construction et le lancement et dans la construction de tabliers de ponts et de viaducs pour le rail et la route.","breadcrumb":{"@id":"https:\/\/www.spicsrl.com\/fr\/#breadcrumb"},"inLanguage":"fr-FR","potentialAction":[{"@type":"ReadAction","target":["https:\/\/www.spicsrl.com\/fr\/"]}]},{"@type":"BreadcrumbList","@id":"https:\/\/www.spicsrl.com\/fr\/#breadcrumb","itemListElement":[{"@type":"ListItem","position":1,"name":"Home","item":"https:\/\/www.spicsrl.com\/fr\/"},{"@type":"ListItem","position":2,"name":"Home"}]},{"@type":"WebSite","@id":"https:\/\/www.spicsrl.com\/fr\/#website","url":"https:\/\/www.spicsrl.com\/fr\/","name":"SPIC s.r.l.","description":"","potentialAction":[{"@type":"SearchAction","target":{"@type":"EntryPoint","urlTemplate":"https:\/\/www.spicsrl.com\/fr\/?s={search_term_string}"},"query-input":{"@type":"PropertyValueSpecification","valueRequired":true,"valueName":"search_term_string"}}],"inLanguage":"fr-FR"}]}},"_links":{"self":[{"href":"https:\/\/www.spicsrl.com\/fr\/wp-json\/wp\/v2\/pages\/7","targetHints":{"allow":["GET"]}}],"collection":[{"href":"https:\/\/www.spicsrl.com\/fr\/wp-json\/wp\/v2\/pages"}],"about":[{"href":"https:\/\/www.spicsrl.com\/fr\/wp-json\/wp\/v2\/types\/page"}],"author":[{"embeddable":true,"href":"https:\/\/www.spicsrl.com\/fr\/wp-json\/wp\/v2\/users\/1"}],"replies":[{"embeddable":true,"href":"https:\/\/www.spicsrl.com\/fr\/wp-json\/wp\/v2\/comments?post=7"}],"version-history":[{"count":40,"href":"https:\/\/www.spicsrl.com\/fr\/wp-json\/wp\/v2\/pages\/7\/revisions"}],"predecessor-version":[{"id":1769,"href":"https:\/\/www.spicsrl.com\/fr\/wp-json\/wp\/v2\/pages\/7\/revisions\/1769"}],"wp:attachment":[{"href":"https:\/\/www.spicsrl.com\/fr\/wp-json\/wp\/v2\/media?parent=7"}],"curies":[{"name":"wp","href":"https:\/\/api.w.org\/{rel}","templated":true}]}}